{"id":2,"date":"2015-11-27T08:58:56","date_gmt":"2015-11-27T08:58:56","guid":{"rendered":"http:\/\/agrolesnezacisze.pl\/?page_id=2"},"modified":"2018-12-17T14:12:02","modified_gmt":"2018-12-17T14:12:02","slug":"home-1","status":"publish","type":"page","link":"http:\/\/twojelesnezacisze.pl\/","title":{"rendered":"Strona g\u0142\u00f3wna"},"content":{"rendered":"<p>[vc_row full_width=&#8221;stretch_row&#8221;][vc_column]<div class=\"sc_content content_wrap\" style=\"padding: 4em 0 2.5em 0;\"><h5 class=\"sc_title sc_title_regular sc_align_center margin_bottom_tiny-\" style=\"letter-spacing: 11.5px;text-align:center;color:#afafb0;font-weight:700;font-size:0.833em;\">Witamy<\/h5><h2 class=\"sc_title sc_title_regular sc_align_center\" style=\"text-align:center;\">B\u0105d\u017a bli\u017cej\u00a0<span style=\"color: #70a903;\">NATURY<\/span>\u00a0w naszym gospodarstwie agroturystycznym.<\/h2><\/div>[\/vc_column][\/vc_row]<\/p>\n","protected":false},"excerpt":{"rendered":"<p>[vc_row full_width=&#8221;stretch_row&#8221;][vc_column][\/vc_column][\/vc_row]<\/p>\n","protected":false},"author":1,"featured_media":0,"parent":0,"menu_order":0,"comment_status":"closed","ping_status":"closed","template":"","meta":[],"yst_prominent_words":[],"_links":{"self":[{"href":"http:\/\/twojelesnezacisze.pl\/index.php?rest_route=\/wp\/v2\/pages\/2"}],"collection":[{"href":"http:\/\/twojelesnezacisze.pl\/index.php?rest_route=\/wp\/v2\/pages"}],"about":[{"href":"http:\/\/twojelesnezacisze.pl\/index.php?rest_route=\/wp\/v2\/types\/page"}],"author":[{"embeddable":true,"href":"http:\/\/twojelesnezacisze.pl\/index.php?rest_route=\/wp\/v2\/users\/1"}],"replies":[{"embeddable":true,"href":"http:\/\/twojelesnezacisze.pl\/index.php?rest_route=%2Fwp%2Fv2%2Fcomments&post=2"}],"version-history":[{"count":17,"href":"http:\/\/twojelesnezacisze.pl\/index.php?rest_route=\/wp\/v2\/pages\/2\/revisions"}],"predecessor-version":[{"id":1978,"href":"http:\/\/twojelesnezacisze.pl\/index.php?rest_route=\/wp\/v2\/pages\/2\/revisions\/1978"}],"wp:attachment":[{"href":"http:\/\/twojelesnezacisze.pl\/index.php?rest_route=%2Fwp%2Fv2%2Fmedia&parent=2"}],"wp:term":[{"taxonomy":"yst_prominent_words","embeddable":true,"href":"http:\/\/twojelesnezacisze.pl\/index.php?rest_route=%2Fwp%2Fv2%2Fyst_prominent_words&post=2"}],"curies":[{"name":"wp","href":"https:\/\/api.w.org\/{rel}","templated":true}]}}