{"id":1939,"date":"2018-08-23T13:49:01","date_gmt":"2018-08-23T13:49:01","guid":{"rendered":"http:\/\/twojelesnezacisze.pl\/?page_id=1939"},"modified":"2018-10-22T10:39:38","modified_gmt":"2018-10-22T10:39:38","slug":"okolica","status":"publish","type":"page","link":"http:\/\/twojelesnezacisze.pl\/?page_id=1939","title":{"rendered":"OKOLICA"},"content":{"rendered":"<p>Nasze Gospodarstwo Agroturystyczne po\u0142o\u017cone jest we wsi Rudna, 8 km od \u0141ob\u017cenicy, 20 km od Z\u0142otowa. Gospodarstwo le\u017cy na historycznej Krajnie, geograficznie obj\u0119tej Programem Natura 2000, w jednym z najpi\u0119kniejszych zak\u0105tk\u00f3w Polski zwanym te\u017c Naszyjnikiem P\u00f3\u0142nocy. W odleg\u0142o\u015bci kilku km od gospodarstwa znajduje si\u0119 <span style=\"color: #6da700;\"><strong>Sanktuarium Maryjne w G\u00f3rce Klasztornej<\/strong>, <strong>najstarsze Sanktuarium w Polsce<\/strong><\/span>. Dzisiaj to miejsce jest znane z Cudownego Obrazu Matki Bo\u017cej G\u00f3reckiej oraz studzienki, z kt\u00f3rej woda z chwil\u0105 ukazania si\u0119 Maryi pasterzowi w 1079 roku, nabra\u0142a cudownych w\u0142a\u015bciwo\u015bci. Rocznie Sanktuarium odwiedzaj\u0105 tysi\u0105ce wiernych i turyst\u00f3w. W samej wsi Rudna znajduje si\u0119 prywatna ferma strusi, kt\u00f3r\u0105 tak\u017ce mo\u017cna odwiedzi\u0107. We wsi znajduje si\u0119 r\u00f3wnie\u017c ko\u015bci\u00f3\u0142ek. Zaledwie kilka kilometr\u00f3w dzieli nas tak\u017ce od <span style=\"color: #6da700;\"><strong>Bor\u00f3w Kuja\u0144skich<\/strong><\/span> i miejscowo\u015bci Kujan oraz Kujanki. <strong><span style=\"color: #6da700;\">Pi\u0119kne pla\u017ce, trasy rowerowe, g\u0119ste bory i lasy obfite w grzyby i jagody<\/span>.<\/strong> Jezioro Bor\u00f3wno to ponad 200 ha czystej wody obj\u0119tej ochron\u0105. Z\u0142ot\u00f3w to kolejne miasto warte odwiedzenia. Barokowy ko\u015bci\u00f3\u0142, <span style=\"color: #6da700;\"><strong>jedyny w Polsce pomnik Piasta Ko\u0142odzieja<\/strong><\/span>, promenada wok\u00f3\u0142 jednego z 5 jezior. Miasto okrzykni\u0119te mianem Wielkopolskich Zdroj\u00f3w. Niedaleko le\u017cy te\u017c Jastrowie (trasa nad Morze Ba\u0142tyckie) a przy nim niema\u0142a atrakcja powojenna &#8211; most zawieszony nad rzek\u0105 Gwd\u0105. Cz\u0142uch\u00f3w i jego <span style=\"color: #6da700;\"><strong>Zamek Krzy\u017cacki<\/strong> <\/span>z kolei prowadz\u0105 w stron\u0119 Malborka. Po drodze prowadz\u0105c przez Debrzno i by\u0142e lotnisko wojskowe. Warte uwagi s\u0105 tak\u017ce: opuszczone miasto K\u0142omino i Borne Sulinowo, gdzie co roku odbywa si\u0119 wielki zjazd pojazd\u00f3w militarnych. Zapraszamy!<\/p>\n","protected":false},"excerpt":{"rendered":"<p>Nasze Gospodarstwo Agroturystyczne po\u0142o\u017cone jest we wsi Rudna, 8 km od \u0141ob\u017cenicy, 20 km od Z\u0142otowa. Gospodarstwo le\u017cy na historycznej Krajnie, geograficznie obj\u0119tej Programem Natura 2000, w jednym z najpi\u0119kniejszych zak\u0105tk\u00f3w Polski zwanym te\u017c Naszyjnikiem P\u00f3\u0142nocy. W odleg\u0142o\u015bci kilku km od gospodarstwa znajduje si\u0119 Sanktuarium Maryjne w G\u00f3rce Klasztornej, najstarsze Sanktuarium w Polsce. Dzisiaj to [&hellip;]<\/p>\n","protected":false},"author":1,"featured_media":0,"parent":0,"menu_order":0,"comment_status":"closed","ping_status":"closed","template":"","meta":[],"yst_prominent_words":[],"_links":{"self":[{"href":"http:\/\/twojelesnezacisze.pl\/index.php?rest_route=\/wp\/v2\/pages\/1939"}],"collection":[{"href":"http:\/\/twojelesnezacisze.pl\/index.php?rest_route=\/wp\/v2\/pages"}],"about":[{"href":"http:\/\/twojelesnezacisze.pl\/index.php?rest_route=\/wp\/v2\/types\/page"}],"author":[{"embeddable":true,"href":"http:\/\/twojelesnezacisze.pl\/index.php?rest_route=\/wp\/v2\/users\/1"}],"replies":[{"embeddable":true,"href":"http:\/\/twojelesnezacisze.pl\/index.php?rest_route=%2Fwp%2Fv2%2Fcomments&post=1939"}],"version-history":[{"count":5,"href":"http:\/\/twojelesnezacisze.pl\/index.php?rest_route=\/wp\/v2\/pages\/1939\/revisions"}],"predecessor-version":[{"id":2057,"href":"http:\/\/twojelesnezacisze.pl\/index.php?rest_route=\/wp\/v2\/pages\/1939\/revisions\/2057"}],"wp:attachment":[{"href":"http:\/\/twojelesnezacisze.pl\/index.php?rest_route=%2Fwp%2Fv2%2Fmedia&parent=1939"}],"wp:term":[{"taxonomy":"yst_prominent_words","embeddable":true,"href":"http:\/\/twojelesnezacisze.pl\/index.php?rest_route=%2Fwp%2Fv2%2Fyst_prominent_words&post=1939"}],"curies":[{"name":"wp","href":"https:\/\/api.w.org\/{rel}","templated":true}]}}